{"id":36,"date":"2024-11-04T11:20:05","date_gmt":"2024-11-04T11:20:05","guid":{"rendered":"https:\/\/hartmann-patent.de\/?page_id=36"},"modified":"2025-11-25T17:44:30","modified_gmt":"2025-11-25T15:44:30","slug":"impressum","status":"publish","type":"page","link":"https:\/\/hartmann-keutner.de\/en\/impressum\/","title":{"rendered":"Imprint"},"content":{"rendered":"<div data-elementor-type=\"wp-page\" data-elementor-id=\"36\" class=\"elementor elementor-36\">\n\t\t\t\t<div class=\"elementor-element elementor-element-4e54cfb e-con-full e-flex elementor-invisible e-con e-parent\" data-id=\"4e54cfb\" data-element_type=\"container\" data-settings=\"{&quot;animation&quot;:&quot;fadeIn&quot;}\">\n\t\t\t\t<div class=\"elementor-element elementor-element-b857b28 elementor-widget elementor-widget-spacer\" data-id=\"b857b28\" data-element_type=\"widget\" data-widget_type=\"spacer.default\">\n\t\t\t\t\t\t\t<div class=\"elementor-spacer\">\n\t\t\t<div class=\"elementor-spacer-inner\"><\/div>\n\t\t<\/div>\n\t\t\t\t\t\t<\/div>\n\t\t\t\t<div class=\"elementor-element elementor-element-c9303a3 elementor-widget elementor-widget-heading\" data-id=\"c9303a3\" data-element_type=\"widget\" data-widget_type=\"heading.default\">\n\t\t\t\t\t<h2 class=\"elementor-heading-title elementor-size-default\">Imprint<\/h2>\t\t\t\t<\/div>\n\t\t\t\t<div class=\"elementor-element elementor-element-17f3408 elementor-widget elementor-widget-heading\" data-id=\"17f3408\" data-element_type=\"widget\" data-widget_type=\"heading.default\">\n\t\t\t\t\t<h2 class=\"elementor-heading-title elementor-size-default\">Mandatory information<\/h2>\t\t\t\t<\/div>\n\t\t\t\t<div class=\"elementor-element elementor-element-54fd251 elementor-widget elementor-widget-text-editor\" data-id=\"54fd251\" data-element_type=\"widget\" data-widget_type=\"text-editor.default\">\n\t\t\t\t\t\t\t\t\t<p>Hartmann + Keutner Partnerschaft von Patentanw\u00e4lten mbB<br \/>Kurf\u00fcrstenstra\u00dfe 20<br \/>47906 Kempen (Germany)<\/p><p><strong>Contact<br \/><\/strong>Phone: +49 (0) 176 353 67 447<br \/>Phone: +49 (0) 151 591 869 58<br \/>Email: mail@hartmann-keutner.de<\/p><p class=\"translation-block\"><strong>Partnership information<br><\/strong>Partnership register: Essen Local Court (Amtsgericht), PR 5661<br>Authorised partners: Jan Nils Hartmann, M.Sc. (Patent Attorney &amp; European Patent Attorney) and <br>Christoph Keutner, Dr. rer. nat. (Patent Attorney &amp; European Patent Attorney)<\/p><p class=\"translation-block\"><strong>Sales tax ID<\/strong><br>Sales tax ID: DE453157996<\/p><p class=\"translation-block\"><strong>Responsible supervisory authority:<\/strong><br>Chamber of Patent Attorneys (Patentanwaltskammer)<br>Corporation under public law<br>Tal 29<br>80331 Munich<\/p><p class=\"translation-block\">Phone: +49 (0) 89 242 278 0<br>Fax: +49 (0) 89 242 278 24<br>Homepage: www.patentanwaltskammer.de<\/p><p>Mr Jan Nils Hartmann and Mr. Dr Christoph Keutner are members of the Chamber of Patent Attorneys. They have been awarded the professional title \u2018Patent Attorney\u2019 in the Federal Republic of Germany. Mr Jan Nils Hartmann and Dr Christoph Keutner are also \u2018Professional Representatives before the European Patent Office\u2019 and admitted as \u2018European Trademark Attorneys\u2019. In addition, they are members of the European Patent Institute (epi - www.patentepi.org) and the International Federation of Patent Attorneys (FICPI - www.ficpi.org\/).<\/p><p><strong>Professional regulations:<\/strong><br \/>Patent attorney regulations (Patentanwaltsordnung, PAO) \u2013 www.patentanwalt.de<br \/>Professional Code of Conduct for Patent Attorneys (Berufsordnung der Patentanw\u00e4lte, BOPA) - www.patentanwalt.de<br \/>Code of Conduct of the FICPI (CC FICPI) \u2013 www.ficpi.org<br \/>Code of Professional Conduct of the epi (CC epi) \u2013 www.patentepi.com<\/p><p>Details of professional indemnity insurance:<\/p><p>R+V Allgemeine Versicherung AG<br \/><span data-teams=\"true\">40625024703410<\/span><br \/>Raiffeisenplatz 1<br \/>65189 Wiesbaden<\/p><p>Territorial scope: worldwide<\/p>\t\t\t\t\t\t\t\t<\/div>\n\t\t\t\t<div class=\"elementor-element elementor-element-4794511 elementor-widget elementor-widget-spacer\" data-id=\"4794511\" data-element_type=\"widget\" data-widget_type=\"spacer.default\">\n\t\t\t\t\t\t\t<div class=\"elementor-spacer\">\n\t\t\t<div class=\"elementor-spacer-inner\"><\/div>\n\t\t<\/div>\n\t\t\t\t\t\t<\/div>\n\t\t\t\t<div class=\"elementor-element elementor-element-1d5df9c elementor-widget elementor-widget-heading\" data-id=\"1d5df9c\" data-element_type=\"widget\" data-widget_type=\"heading.default\">\n\t\t\t\t\t<h2 class=\"elementor-heading-title elementor-size-default\">Further information\nregarding editorial responsibility, dispute resolution, liability and copyright<\/h2>\t\t\t\t<\/div>\n\t\t\t\t<div class=\"elementor-element elementor-element-f6cabb7 elementor-widget elementor-widget-text-editor\" data-id=\"f6cabb7\" data-element_type=\"widget\" data-widget_type=\"text-editor.default\">\n\t\t\t\t\t\t\t\t\t<p><strong>Editorial responsibility:<\/strong><br \/>Jan Nils Hartmann, M. Sc.<br \/>Christoph Keutner, Dr. rer. nat.<\/p><p><strong>Consumer dispute resolution\/universal arbitration centre:<\/strong><br \/>We are not willing or obliged to participate in dispute resolution proceedings before a consumer arbitration board.<\/p><p><strong>Liability information:<\/strong><br \/>The information on this website is provided for general information purposes only and does not constitute legal advice in individual cases. Such advice necessarily requires detailed knowledge of the factual and legal situation. No liability is expressly assumed for the up-to-dateness, accuracy or completeness of the aforementioned information. Any liability for the use of this information is therefore excluded.<\/p><p>As a service provider, we are responsible for the content on our website in accordance with general legislation. As a service provider, we are not obliged to monitor transmitted or stored information from other sources or to investigate illegal activities in the context of the publication of this website.<\/p><p>Nevertheless, according to general legislation, we are obliged to block or remove the use of transmitted information if this becomes legally necessary. However, these obligations only become possible from the time I become aware of a possible specific infringement. If we become aware of a specific infringement, we will remove any responsible content immediately and completely.<\/p><p><strong>Copyright:<\/strong><\/p><p>German copyright law applies to the content of this website. All content, such as graphics, logos, and text, has either been created by us, created using AI tools (such as Copilot, Midjourney, LeChat, and ChatGPT) and used in accordance with the respective terms of use, have been approved in writing by the rights holder, or are used in accordance with the rights holder's terms of use, or are subject to the Creative Commons License, the terms of which Jan Nils Hartmann and Christoph Keutner strictly adhere to.<\/p><p>The reproduction, editing, distribution, and any kind of use outside the limits of copyright law require the written consent of the respective author or creator. Downloads and copies of this site are only permitted for private, non-commercial use.<\/p><p>Insofar as the content on this site was not created by the operator, the copyrights of third parties are respected. Should, contrary to expectations, doubts arise as to compliance with copyright provisions by content on this website, informal notification by email to the email address given in the legal notice is sufficient. Jan Nils Hartmann and Christoph Keutner will immediately review the information and, if the objections are justified, respond immediately and remove the relevant content.<\/p><p><strong>Web hosting by:<\/strong><br \/>Strato AG<br \/>Otto-Ostrowski-Stra\u00dfe 7<br \/>10249 Berlin<\/p>\t\t\t\t\t\t\t\t<\/div>\n\t\t\t\t<div class=\"elementor-element elementor-element-be52df3 elementor-widget elementor-widget-spacer\" data-id=\"be52df3\" data-element_type=\"widget\" data-widget_type=\"spacer.default\">\n\t\t\t\t\t\t\t<div class=\"elementor-spacer\">\n\t\t\t<div class=\"elementor-spacer-inner\"><\/div>\n\t\t<\/div>\n\t\t\t\t\t\t<\/div>\n\t\t\t\t<\/div>\n\t\t\t\t<\/div>","protected":false},"excerpt":{"rendered":"<p>Impressum Pflichtangaben Hartmann + Keutner Partnerschaft von Patentanw\u00e4lten mbBKurf\u00fcrstenstra\u00dfe 2047906 Kempen (Germany) KontaktTelefon: +49 (0) 176 353 67 447Telefon: +49 (0) 151 591 869 58Mail: mail@hartmann-keutner.de Angaben zur PartnerschaftPartnerschaftsregister: Amtsgericht Essen, PR 5661Vertretungsberechtigte Partner: Jan Nils Hartmann, M.Sc. (Patentanwalt &amp; European Patent Attorney) und Christoph Keutner, Dr. rer. nat. (Patentanwalt &amp; European Patent Attorney) Umsatzsteuer-IDUmsatzsteuer-ID: [&hellip;]<\/p>\n","protected":false},"author":1,"featured_media":0,"parent":0,"menu_order":0,"comment_status":"closed","ping_status":"closed","template":"","meta":{"ocean_post_layout":"full-screen","ocean_both_sidebars_style":"","ocean_both_sidebars_content_width":0,"ocean_both_sidebars_sidebars_width":0,"ocean_sidebar":"","ocean_second_sidebar":"","ocean_disable_margins":"enable","ocean_add_body_class":"","ocean_shortcode_before_top_bar":"","ocean_shortcode_after_top_bar":"","ocean_shortcode_before_header":"","ocean_shortcode_after_header":"","ocean_has_shortcode":"","ocean_shortcode_after_title":"","ocean_shortcode_before_footer_widgets":"","ocean_shortcode_after_footer_widgets":"","ocean_shortcode_before_footer_bottom":"","ocean_shortcode_after_footer_bottom":"","ocean_display_top_bar":"off","ocean_display_header":"default","ocean_header_style":"","ocean_center_header_left_menu":"","ocean_custom_header_template":"","ocean_custom_logo":0,"ocean_custom_retina_logo":0,"ocean_custom_logo_max_width":0,"ocean_custom_logo_tablet_max_width":0,"ocean_custom_logo_mobile_max_width":0,"ocean_custom_logo_max_height":0,"ocean_custom_logo_tablet_max_height":0,"ocean_custom_logo_mobile_max_height":0,"ocean_header_custom_menu":"","ocean_menu_typo_font_family":"","ocean_menu_typo_font_subset":"","ocean_menu_typo_font_size":0,"ocean_menu_typo_font_size_tablet":0,"ocean_menu_typo_font_size_mobile":0,"ocean_menu_typo_font_size_unit":"px","ocean_menu_typo_font_weight":"","ocean_menu_typo_font_weight_tablet":"","ocean_menu_typo_font_weight_mobile":"","ocean_menu_typo_transform":"","ocean_menu_typo_transform_tablet":"","ocean_menu_typo_transform_mobile":"","ocean_menu_typo_line_height":0,"ocean_menu_typo_line_height_tablet":0,"ocean_menu_typo_line_height_mobile":0,"ocean_menu_typo_line_height_unit":"","ocean_menu_typo_spacing":0,"ocean_menu_typo_spacing_tablet":0,"ocean_menu_typo_spacing_mobile":0,"ocean_menu_typo_spacing_unit":"","ocean_menu_link_color":"","ocean_menu_link_color_hover":"","ocean_menu_link_color_active":"","ocean_menu_link_background":"","ocean_menu_link_hover_background":"","ocean_menu_link_active_background":"","ocean_menu_social_links_bg":"","ocean_menu_social_hover_links_bg":"","ocean_menu_social_links_color":"","ocean_menu_social_hover_links_color":"","ocean_disable_title":"on","ocean_disable_heading":"default","ocean_post_title":"","ocean_post_subheading":"","ocean_post_title_style":"","ocean_post_title_background_color":"","ocean_post_title_background":0,"ocean_post_title_bg_image_position":"","ocean_post_title_bg_image_attachment":"","ocean_post_title_bg_image_repeat":"","ocean_post_title_bg_image_size":"","ocean_post_title_height":0,"ocean_post_title_bg_overlay":0.5,"ocean_post_title_bg_overlay_color":"","ocean_disable_breadcrumbs":"default","ocean_breadcrumbs_color":"","ocean_breadcrumbs_separator_color":"","ocean_breadcrumbs_links_color":"","ocean_breadcrumbs_links_hover_color":"","ocean_display_footer_widgets":"off","ocean_display_footer_bottom":"off","ocean_custom_footer_template":"","footnotes":""},"class_list":["post-36","page","type-page","status-publish","hentry","entry"],"_links":{"self":[{"href":"https:\/\/hartmann-keutner.de\/en\/wp-json\/wp\/v2\/pages\/36","targetHints":{"allow":["GET"]}}],"collection":[{"href":"https:\/\/hartmann-keutner.de\/en\/wp-json\/wp\/v2\/pages"}],"about":[{"href":"https:\/\/hartmann-keutner.de\/en\/wp-json\/wp\/v2\/types\/page"}],"author":[{"embeddable":true,"href":"https:\/\/hartmann-keutner.de\/en\/wp-json\/wp\/v2\/users\/1"}],"replies":[{"embeddable":true,"href":"https:\/\/hartmann-keutner.de\/en\/wp-json\/wp\/v2\/comments?post=36"}],"version-history":[{"count":6,"href":"https:\/\/hartmann-keutner.de\/en\/wp-json\/wp\/v2\/pages\/36\/revisions"}],"predecessor-version":[{"id":2676,"href":"https:\/\/hartmann-keutner.de\/en\/wp-json\/wp\/v2\/pages\/36\/revisions\/2676"}],"wp:attachment":[{"href":"https:\/\/hartmann-keutner.de\/en\/wp-json\/wp\/v2\/media?parent=36"}],"curies":[{"name":"wp","href":"https:\/\/api.w.org\/{rel}","templated":true}]}}